{"id":335,"date":"2023-06-14T12:19:58","date_gmt":"2023-06-14T10:19:58","guid":{"rendered":"https:\/\/www.dcs-international.de\/agb"},"modified":"2023-06-22T15:09:54","modified_gmt":"2023-06-22T13:09:54","slug":"general-terms-and-conditions","status":"publish","type":"page","link":"https:\/\/www.dcs-international.de\/en\/general-terms-and-conditions","title":{"rendered":"General terms and conditions"},"content":{"rendered":"\n\t\t\t\n\t\t\t\n\t\t\t<section  class=\"content-section    pt-40-xs pb-40-xs pt-50-md pb-50-md pt-70-lg pb-70-lg  no-margin\"    >\n\n\t\t\t\t\n\t\t\t\t\t<div class=\"row  \">\n\n\t\t\t\t\t\t[vc_column][vc_column_text vc_rwd=&#8221;&#8221;]<\/p>\n<h1>Allgemeine Gesch\u00e4fts- und Lieferbedingungen<\/h1>\n<h2>\u00a7 1 Geltungsbereich<\/h2>\n<p>Unsere Gesch\u00e4fts- und Lieferbedingungen gelten ausschlie\u00dflich. Von unseren Verkaufsbedingungen abweichende Bedingungen des Bestellers haben keine G\u00fcltigkeit; Gegenbest\u00e4tigungen des Bestellers unter Hinweis auf deren Gesch\u00e4fts- bzw. Einkaufsbedingungen wird hiermit ausdr\u00fccklich widersprochen. Sie werden auch dann nicht anerkannt, wenn wir ihnen nicht nochmals nach Eingang bei uns ausdr\u00fccklich widersprechen.<\/p>\n<p>Unsere Gesch\u00e4fts- und Lieferbedingungen gelten auch f\u00fcr alle k\u00fcnftigen Gesch\u00e4ftsbeziehungen, auch wenn sie nicht nochmals ausdr\u00fccklich vereinbart werden.<\/p>\n<h2>\u00a7 2 Zustandekommen des Vertrages<\/h2>\n<p>Unsere Angebote sind freibleibend und unverbindlich. Die Bestellung ist ein bindendes Angebot. Zum Abschluss eines rechtswirksamen Vertrages bedarf es unserer Annahme.<\/p>\n<h2>\u00a7 3 Preise und Zahlung<\/h2>\n<p>Unsere Preise verstehen sich netto, also ohne die hinzukommende gesetzliche Mehrwertsteuer und gelten ab Werk, schlie\u00dfen also weder Verpackungs- noch Versandkosten mit ein. S\u00e4mtliche Preise gelten f\u00fcr die Dauer gleichbleibender Material- und Lohnkosten. Preiserh\u00f6hungen bedingt durch vom Besteller gew\u00fcnschte \u00c4nderungen an Inhalt oder Auflage etc. werden vom Besteller stillschweigend akzeptiert.<\/p>\n<p>Unsere Abrechnungen erfolgen nach unseren jeweils g\u00fcltigen Stundens\u00e4tzen, den Honorarrichtlinien der Berufsverb\u00e4nde AGD\/BDG und Materialaufwand.<\/p>\n<p>Zus\u00e4tzlich anfallende Satz-, Litho- und Werkzeugkosten sowie Kosten f\u00fcr Bildbeschaffung und Nutzungsgeb\u00fchren werden gesondert berechnet, ebenso Kosten, die aus nachtr\u00e4glichen Auftrags\u00e4nderungen resultieren. Vom Besteller verlangte Skizzen, Entw\u00fcrfe, Probedrucke, Muster und \u00e4hnliche Vorarbeiten sind zu bezahlen \u00a7 8 unserer Bedingungen gilt in diesem Fall entsprechend.<\/p>\n<p>Die Forderung von Abschlags- oder Teilzahlungen ist m\u00f6glich. Bei Auftr\u00e4gen, die sich \u00fcber einen l\u00e4ngeren Zeitraum erstrecken, einen hohen zeitlichen Aufwand ben\u00f6tigen oder einen hohen Auftragswert darstellen wird in Zeitabschnitten, stufenweisen Arbeitsschritten oder prozentual nach Produktionsstufen abgerechnet. Ebenso k\u00f6nnen wir Vorauszahlung verlangen, wenn es sich um einen Neukunden oder Kleinauftr\u00e4ge handelt oder au\u00dfergew\u00f6hnliche Vorausleistungen durch uns erbracht werden m\u00fcssen. Ebenso k\u00f6nnen wir vom Besteller eine Vorauszahlung verlangen, wenn die Erf\u00fcllung unseres Zahlungsanspruches wegen einer nach Vertragsschluss eingetretenen oder bekannt gewordenen Verschlechterung der Verm\u00f6gensverh\u00e4ltnisse des Bestellers gef\u00e4hrdet ist.<\/p>\n<p>Kommt der Besteller mit seiner Zahlungsverpflichtung in Verzug, schuldet er Verzugszinsen in H\u00f6he von 5 % \u00fcber dem jeweiligen Basiszinssatz der Deutschen Bundesbank, ferner f\u00fcr Mahnungen einen Betrag von 20,00 \u20ac bzw. 40,00 \u20ac. Die Geltendmachung eines weitergehenden Verzugsschadens wird hierdurch nicht ausgeschlossen.<\/p>\n<p>Aufrechnungsrechte stehen dem Besteller nur zu, wenn seine Gegenanspr\u00fcche rechtskr\u00e4ftig festgestellt oder unbestritten sind.<\/p>\n<p>Mehr- oder Minderlieferungen sind uns bis zu 10 % der Bestellmenge gestattet und werden anteilig zum vereinbarten Rechnungspreis verrechnet.<\/p>\n<h2>\u00a7 4 Lieferung und Lieferzeit<\/h2>\n<p>Der Gefahr\u00fcbergang auf den Besteller erfolgt mit der Abholung bei uns, im Falle der Versendung mit der \u00dcbergabe an den Frachtf\u00fchrer. Der Abschluss einer Transportversicherung ist nicht unsere Aufgabe, wenn nichts anderes vereinbart ist. Sofern der Besteller keine besondere Weisung erteilt, \u00fcbernehmen wir keine Verbindlichkeit f\u00fcr billigsten oder schnellsten Versand.<\/p>\n<p>Bitte \u00fcberpr\u00fcfen Sie die Lieferung bei Zustellung durch den Paketdienst oder den Spediteur sorgf\u00e4ltig auf Besch\u00e4digungen und darauf, ob die Sendung eventuell schon einmal ge\u00f6ffnet wurde. Verweigern Sie bitte bei Auff\u00e4lligkeiten die Annahme oder vermerken Sie diese auf dem Empfangsschein, den Sie dem Transporteur unterschreiben. Sp\u00e4tere Reklamationen k\u00f6nnen wir ohne einen solchen Hinweis nicht akzeptieren.<\/p>\n<p>Wir bem\u00fchen uns um p\u00fcnktliche Lieferung. Eine angegebene Lieferzeit ist jedoch grunds\u00e4tzlich nur Richttermin.<\/p>\n<p>Eine vertraglich vereinbarte Lieferzeit verl\u00e4ngert sich um den Zeitraum, den der Besteller ben\u00f6tigt, um uns alle erforderlichen Arbeitsunterlagen zur Verf\u00fcgung zu stellen, sowie um den Zeitraum, der durch \u00c4nderungsw\u00fcnsche des Bestellers bedingt ist.<\/p>\n<p>Nicht vorhersehbare, von uns oder unseren Vorlieferanten nicht zu vertretende St\u00f6rungen im Gesch\u00e4ftsbetrieb verl\u00e4ngern die Lieferfristen entsprechend.<\/p>\n<p>Teillieferungen sind zul\u00e4ssig.<\/p>\n<p>Geraten wir in Verzug, ist unsere Schadensersatzpflicht im Falle leichter Fahrl\u00e4ssigkeit auf einen Betrag von 50 % des vorhersehbaren Schadens begrenzt, maximal jedoch bis zur H\u00f6he des Auftragswertes f\u00fcr uns (Eigenleistungen ausschlie\u00dflich Vorleistungen und Material) begrenzt. Weitergehende Schadensersatzanspr\u00fcche bestehen nur, wenn der Verzug auf Vorsatz oder grober Fahrl\u00e4ssigkeit beruht.<\/p>\n<p>Befindet sich der Besteller mit Verpflichtungen jeglicher Art uns gegen\u00fcber im R\u00fcckstand, sind wir berechtigt, unsere Leistung bis zur Erf\u00fcllung der r\u00fcckst\u00e4ndigen Verpflichtungen zur\u00fcckzuhalten.<\/p>\n<h2>\u00a7 5 Mitwirkungspflichten des Bestellers<\/h2>\n<p>F\u00fcr die Richtigkeit \u00fcbersandter Unterlagen ist der Besteller verantwortlich.<\/p>\n<p>Programme der Microsoft-Office-Welt (z. B. Word, Excel, Powerpoint sind f\u00fcr die Druckvorstufe nicht geeignet. Daten aus diesen Programmen werden &#8211; soweit m\u00f6glich &#8211; von uns konvertiert, in DTP-Programme eingelesen oder nachgebaut. Daraus resultierende Abweichungen zum Original (z. B. in Schriftbild, Farbwiedergabe, Text- und Bildpositionierung) werden mit der Datenlieferung vom Auftraggeber akzeptiert.<\/p>\n<p>\u00dcbersendet der Besteller die erforderlichen Druckunterlagen nicht binnen einer Woche ab Vertragsschluss, k\u00f6nnen wir hierf\u00fcr eine Nachfrist von einer Woche setzen. Nach ergebnislosem Ablauf der Nachfrist k\u00f6nnen wir den Vertrag k\u00fcndigen und die vereinbarte Verg\u00fctung abz\u00fcglich ersparter Aufwendungen verlangen.<\/p>\n<p>Bei \u00dcbersendung eines Korrekturabzuges, eines Entwurfes, eines Andruckes, einer Fotokopie oder \u00e4hnlichem an den Besteller gilt die Zeit der Nicht\u00e4u\u00dferung<\/p>\n<p>des Bestellers als Unterbrechung der Lieferzeit. Dauert die Zeit der \u00a0\u00a0Nicht\u00e4u\u00dferung des Bestellers l\u00e4nger als eine Woche, sind wir berechtigt, gem\u00e4\u00df \u00a7 5 Absatz 2 vorzugehen.<\/p>\n<p>Bei Freigabe des Korrekturabzuges, des Entwurfes, des Andruckes, der Fotokopie etc. haften wir nicht f\u00fcr vom Besteller \u00fcbersehene Fehler. Der Besteller kann sich nur auf schriftlich gegebene \u00c4nderungsanweisungen berufen. Eine Freigabe mittels Farbausdruck ist nicht verbindlich f\u00fcr: Reinheit des Druckes, Druckfarbe oder Papierqualit\u00e4t.<\/p>\n<p>Stellt der Besteller das zu bedruckende Material, ist er f\u00fcr dessen Ordnungsgem\u00e4\u00dfheit (etwa Bedruckbarkeit, Maschinenlauf etc.) verantwortlich.<\/p>\n<p>An vom Besteller angelieferten Datentr\u00e4gern, Bildmaterial, Klischees, Manuskripten, Rohmaterialien und sonstigen Gegenst\u00e4nden steht uns bis zur vollst\u00e4ndigen Erf\u00fcllung aller f\u00e4lligen Forderungen aus der Gesch\u00e4ftsverbindung mit dem Besteller ein Zur\u00fcckbehaltungsrecht zu.<\/p>\n<h2>\u00a7 6 Gew\u00e4hrleistung<\/h2>\n<p>Liegt ein von uns zu vertretender Mangel vor, so sind wir nach unserer Wahl zur Beseitigung des Mangels oder zur Ersatzlieferung berechtigt. Soweit sich Kosten dadurch erh\u00f6hen, dass die gelieferten Erzeugnisse nach einem anderen Ort als dem Wohnsitz oder der gewerblichen Niederlassung des Bestellers verbracht worden sind, gehen dadurch bedingte Mehrkosten zu Lasten des Bestellers, es sei denn, das Verbringen entspricht dem bestimmungsgem\u00e4\u00dfen Gebrauch der gelieferten Erzeugnisse.<\/p>\n<p>Der Besteller ist auf unser Verlangen verpflichtet, die beanstandeten Erzeugnisse an uns zur\u00fcckzuschicken. Im Falle einer berechtigten Beanstandung gehen die Kosten hierf\u00fcr zu unseren Lasten.<\/p>\n<p>M\u00e4ngel eines Teiles der Lieferung k\u00f6nnen nicht zur Beanstandung der ganzen Lieferung f\u00fchren. Ist lediglich ein Teil der gelieferten Erzeugnisse mangelhaft, so ist der mangelfreie Teil anteilig zu bezahlen. Bis dahin steht uns bez\u00fcglich unserer Gew\u00e4hrleistungsverpflichtungen ein Zur\u00fcckbehaltungsrecht zu.<\/p>\n<p>Schl\u00e4gt die Mangelbeseitigung fehl oder sind wir zur Mangelbeseitigung oder Ersatzlieferung nicht bereit oder nicht in der Lage oder verz\u00f6gert sich diese \u00fcber angemessene Fristen hinaus aus Gr\u00fcnden, die wir zu vertreten haben, so ist der Besteller berechtigt, vom Vertrag zur\u00fcckzutreten oder eine Herabsetzung des Kaufpreises zu verlangen.<\/p>\n<p>Dar\u00fcber hinaus gehende Anspr\u00fcche des Bestellers, insbesondere Schadensersatzanspr\u00fcche einschlie\u00dflich entgangenem Gewinn oder wegen sonstiger Verm\u00f6genssch\u00e4den des Bestellers sind ausgeschlossen. Diese Haftungseinschr\u00e4nkung gilt nicht, soweit die Schadensursache auf Vorsatz oder grober Fahrl\u00e4ssigkeit beruht. Sie gilt auch dann nicht, wenn der Besteller wegen des Fehlens einer zugesicherten Eigenschaft Schadensersatzanspr\u00fcche geltend macht.<\/p>\n<p>F\u00fcr Abweichungen in der Beschaffenheit des eingesetzten Materials haften wir nur bis zur H\u00f6he der eigenen Anspr\u00fcche gegen den jeweiligen Zulieferanten. In einem solchen Fall sind wir von unserer Haftung befreit, wenn wir unsere Anspr\u00fcche gegen den Zulieferanten an den Besteller abtreten. Wir haften wie ein B\u00fcrge, soweit Anspr\u00fcche gegen den Zulieferanten durch unser Verschulden nicht bestehen oder solche Anspr\u00fcche nicht durchsetzbar sind.<\/p>\n<p>Technologisch begr\u00fcndete Toleranzen in Gr\u00f6\u00dfe, Farbe, Klebstoff, Qualit\u00e4t, Materialgewicht und der sonstigen Ausf\u00fchrung bilden keinen Anlass f\u00fcr Beanstandungen seitens des Bestellers. Dies gilt auch f\u00fcr Passerunterschiede bis zu 0,5 mm und Differenzen beim Falzen und beim Schneiden bis zu +\/- einem Millimeter.<\/p>\n<p>Erkennbare M\u00e4ngel sind unverz\u00fcglich, l\u00e4ngstens jedoch innerhalb von sieben Kalendertagen nach Empfang der gelieferten Erzeugnisse uns gegen\u00fcber schriftlich zu r\u00fcgen, und zwar unter Beif\u00fcgung eines Nachweises (Musters) bez\u00fcglich des ger\u00fcgten Mangels.<\/p>\n<p>Die Gew\u00e4hrleistungsfrist betr\u00e4gt sechs Monate ab Gefahr\u00fcbergang oder im Fall des Annahmeverzuges seitens des Bestellers ab dem Beginn des Annahmeverzuges. Die gleiche Frist gilt auch f\u00fcr Anspr\u00fcche auf Ersatz von Mangelfolgesch\u00e4den, soweit keine &#8220;Anspr\u00fcche aus unerlaubter Handlung&#8221; geltend gemacht werden.<\/p>\n<h2>\u00a7\u00a07 Eigentumsvorbehalt<\/h2>\n<p>Wir behalten uns das Eigentum von den gelieferten Erzeugnissen bis zum Eingang aller Zahlungen aus dem Vertrag &#8211; bei Vollkaufleuten: bis zur vollst\u00e4ndigen Bezahlung aller unserer bestehenden Forderungen gegen den Besteller &#8211; vor. Bei vertragswidrigem Verhalten des Bestellers sind wir berechtigt, die gelieferten Erzeugnisse zur\u00fcckzunehmen. Bei Pf\u00e4ndungen oder sonstigen Eingriffen Dritter hat uns der Besteller unverz\u00fcglich schriftlich zu benachrichtigen.<\/p>\n<p>Zur Weiterver\u00e4u\u00dferung ist der Besteller nur im ordnungsgem\u00e4\u00dfen Gesch\u00e4ftsgang berechtigt. Der Besteller tritt hiermit seine Forderungen aus der Weiterver\u00e4u\u00dferung an uns ab; wir nehmen diese Abtretung an.<\/p>\n<p>Die Geltendmachung des Eigentumsvorbehaltes gilt nicht als R\u00fccktritt vom Vertrag.<\/p>\n<h2>\u00a7 8 Urheber- und Eigentumsrechte, Verwahrung, Impressum<\/h2>\n<p>Der Besteller haftet allein, wenn durch die Ausf\u00fchrung seines Auftrages Rechte, insbesondere Urheberrechte Dritter, verletzt werden. Der Besteller hat uns von allen Anspr\u00fcchen Dritter wegen einer solchen Rechtsverletzung freizustellen.<\/p>\n<p>Alle Rechte an eigenen Skizzen, Entw\u00fcrfen, Reinzeichnungen, Originalen, Filmen, Druck-, Stanz- und Pr\u00e4gewerkzeugen, in jedem Verfahren, aus jedem Material und zu jedem Zwecke verbleiben uns, wenn nicht ausdr\u00fccklich schriftlich etwas anderes vereinbart ist. Unsere Entw\u00fcrfe d\u00fcrfen nicht vervielf\u00e4ltigt, abgezeichnet, nachgeahmt oder dritten Personen zug\u00e4ngig gemacht werden. Die von uns zur Herstellung des Vertragserzeugnisses eingesetzten Betriebsgegenst\u00e4nde, insbesondere Datentr\u00e4ger, Bildmaterial, Filme, Klischees, Lithographien, Werkzeuge etc. bleiben, auch wenn sie gesondert berechnet werden, unser Eigentum und werden nicht ausgeliefert. Unsere Aufbewahrungspflicht endet mit Ablauf des zweiten Kalenderjahres seit der letzten Auftragserteilung.<\/p>\n<p>Vorlagen, Rohstoffe, Drucktr\u00e4ger und andere der Wiederverwendung dienenden Gegenst\u00e4nde sowie Halb- und Fertigerzeugnisse werden von uns pfleglich behandelt, jedoch nur nach vorheriger Vereinbarung und gegen besondere Verg\u00fctung \u00fcber den Auslieferungstermin hinaus von uns verwahrt. F\u00fcr Besch\u00e4digung haften wir nur bei Vorsatz und grober Fahrl\u00e4ssigkeit. Sollen die vorstehend bezeichneten Gegenst\u00e4nde versichert werden, hat der Besteller die Versicherung selbst zu besorgen. Herausgabeanspr\u00fcche des Bestellers verj\u00e4hren auf jeden Fall drei Monate nach Beendigung eines Auftrages, wenn nicht bis zu diesem Termin eine Nachbestellung erfolgt.<\/p>\n<p>Der Besteller willigt unter Verzicht auf jegliche Schutzrechte ein, dass wir f\u00fcr eigene Werbezwecke mit den von uns f\u00fcr ihn gefertigten Produkten werben oder diese als Muster versenden d\u00fcrfen.<\/p>\n<p>Wir sind berechtigt, auch ohne spezielle Bewilligung des Bestellers auf den von uns hergestellten Vertragserzeugnissen in geeigneter Weise auf unsere Firma hinzuweisen.<\/p>\n<h2>\u00a7 9 Sonstiges<\/h2>\n<p>Als Erf\u00fcllungsort f\u00fcr beide Teile gilt Starnberg.<\/p>\n<p>Gerichtsstand f\u00fcr alle Rechtsstreitigkeiten &#8211; auch \u00fcber das Bestehen oder Nichtbestehen von Vertragsverh\u00e4ltnissen &#8211; ist Starnberg, soweit unser Vertragspartner Vollkaufmann ist.<\/p>\n<p>Wird der Vertrag schriftlich geschlossen, sind m\u00fcndliche Nebenabreden unwirksam. \u00c4nderungen schriftlicher Vereinbarungen bed\u00fcrfen der Schriftform; dies gilt auch f\u00fcr die \u00c4nderung dieser Schriftformklausel.<\/p>\n<p>Sollten Teile unserer Gesch\u00e4ftsbedingungen &#8211; aus welchem Grund auch immer &#8211; unwirksam sein, so wird davon die Wirksamkeit des \u00fcbrigen Vertragsinhaltes nicht ber\u00fchrt.[\/vc_column_text][\/vc_column]\n\t\t\t\t\t<\/div>\n\n\t\t\t\t\n\t\t\t\t\n\t\t\t\t\n\t\t\t\n\t\t\t\n\t\t\t\n\t\t<\/section>\n\n\t\t\n\t\n","protected":false},"excerpt":{"rendered":"[vc_column][vc_column_text vc_rwd=\"\"] Allgemeine Gesch\u00e4fts- und Lieferbedingungen \u00a7 1 Geltungsbereich Unsere Gesch\u00e4fts- und Lieferbedingungen gelten ausschlie\u00dflich. Von unseren Verkaufsbedingungen abweichende Bedingungen des Bestellers haben keine G\u00fcltigkeit; Gegenbest\u00e4tigungen des Bestellers unter Hinweis auf deren Gesch\u00e4fts- bzw. Einkaufsbedingungen wird hiermit ausdr\u00fccklich widersprochen. Sie werden auch dann nicht anerkannt, wenn wir ihnen nicht nochmals <a class=\"moretag\" href=\"https:\/\/www.dcs-international.de\/en\/general-terms-and-conditions\">read more...<\/a>","protected":false},"author":1,"featured_media":0,"parent":0,"menu_order":15,"comment_status":"closed","ping_status":"closed","template":"","meta":{"_acf_changed":false,"footnotes":""},"class_list":["post-335","page","type-page","status-publish","hentry"],"acf":[],"yoast_head":"<!-- This site is optimized with the Yoast SEO plugin v26.9 - https:\/\/yoast.com\/product\/yoast-seo-wordpress\/ -->\n<title>General terms and conditions - D.C.S Group<\/title>\n<meta name=\"robots\" content=\"index, follow, max-snippet:-1, max-image-preview:large, max-video-preview:-1\" \/>\n<link rel=\"canonical\" href=\"https:\/\/www.dcs-international.de\/en\/general-terms-and-conditions\" \/>\n<meta property=\"og:locale\" content=\"en_US\" \/>\n<meta property=\"og:type\" content=\"article\" \/>\n<meta property=\"og:title\" content=\"General terms and conditions - D.C.S Group\" \/>\n<meta property=\"og:url\" content=\"https:\/\/www.dcs-international.de\/en\/general-terms-and-conditions\" \/>\n<meta property=\"og:site_name\" content=\"D.C.S Group\" \/>\n<meta property=\"article:modified_time\" content=\"2023-06-22T13:09:54+00:00\" \/>\n<meta name=\"twitter:card\" content=\"summary_large_image\" \/>\n<meta name=\"twitter:label1\" content=\"Est. reading time\" \/>\n\t<meta name=\"twitter:data1\" content=\"10 minutes\" \/>\n<script type=\"application\/ld+json\" class=\"yoast-schema-graph\">{\"@context\":\"https:\/\/schema.org\",\"@graph\":[{\"@type\":\"WebPage\",\"@id\":\"https:\/\/www.dcs-international.de\/en\/general-terms-and-conditions\",\"url\":\"https:\/\/www.dcs-international.de\/en\/general-terms-and-conditions\",\"name\":\"General terms and conditions - D.C.S Group\",\"isPartOf\":{\"@id\":\"https:\/\/www.dcs-international.de\/en#website\"},\"datePublished\":\"2023-06-14T10:19:58+00:00\",\"dateModified\":\"2023-06-22T13:09:54+00:00\",\"breadcrumb\":{\"@id\":\"https:\/\/www.dcs-international.de\/en\/general-terms-and-conditions#breadcrumb\"},\"inLanguage\":\"en-US\",\"potentialAction\":[{\"@type\":\"ReadAction\",\"target\":[\"https:\/\/www.dcs-international.de\/en\/general-terms-and-conditions\"]}]},{\"@type\":\"BreadcrumbList\",\"@id\":\"https:\/\/www.dcs-international.de\/en\/general-terms-and-conditions#breadcrumb\",\"itemListElement\":[{\"@type\":\"ListItem\",\"position\":1,\"name\":\"Startseite\",\"item\":\"https:\/\/www.dcs-international.de\/en\"},{\"@type\":\"ListItem\",\"position\":2,\"name\":\"General terms and conditions\"}]},{\"@type\":\"WebSite\",\"@id\":\"https:\/\/www.dcs-international.de\/en#website\",\"url\":\"https:\/\/www.dcs-international.de\/en\",\"name\":\"D.C.S Group\",\"description\":\"\",\"potentialAction\":[{\"@type\":\"SearchAction\",\"target\":{\"@type\":\"EntryPoint\",\"urlTemplate\":\"https:\/\/www.dcs-international.de\/en?s={search_term_string}\"},\"query-input\":{\"@type\":\"PropertyValueSpecification\",\"valueRequired\":true,\"valueName\":\"search_term_string\"}}],\"inLanguage\":\"en-US\"}]}<\/script>\n<!-- \/ Yoast SEO plugin. -->","yoast_head_json":{"title":"General terms and conditions - D.C.S Group","robots":{"index":"index","follow":"follow","max-snippet":"max-snippet:-1","max-image-preview":"max-image-preview:large","max-video-preview":"max-video-preview:-1"},"canonical":"https:\/\/www.dcs-international.de\/en\/general-terms-and-conditions","og_locale":"en_US","og_type":"article","og_title":"General terms and conditions - D.C.S Group","og_url":"https:\/\/www.dcs-international.de\/en\/general-terms-and-conditions","og_site_name":"D.C.S Group","article_modified_time":"2023-06-22T13:09:54+00:00","twitter_card":"summary_large_image","twitter_misc":{"Est. reading time":"10 minutes"},"schema":{"@context":"https:\/\/schema.org","@graph":[{"@type":"WebPage","@id":"https:\/\/www.dcs-international.de\/en\/general-terms-and-conditions","url":"https:\/\/www.dcs-international.de\/en\/general-terms-and-conditions","name":"General terms and conditions - D.C.S Group","isPartOf":{"@id":"https:\/\/www.dcs-international.de\/en#website"},"datePublished":"2023-06-14T10:19:58+00:00","dateModified":"2023-06-22T13:09:54+00:00","breadcrumb":{"@id":"https:\/\/www.dcs-international.de\/en\/general-terms-and-conditions#breadcrumb"},"inLanguage":"en-US","potentialAction":[{"@type":"ReadAction","target":["https:\/\/www.dcs-international.de\/en\/general-terms-and-conditions"]}]},{"@type":"BreadcrumbList","@id":"https:\/\/www.dcs-international.de\/en\/general-terms-and-conditions#breadcrumb","itemListElement":[{"@type":"ListItem","position":1,"name":"Startseite","item":"https:\/\/www.dcs-international.de\/en"},{"@type":"ListItem","position":2,"name":"General terms and conditions"}]},{"@type":"WebSite","@id":"https:\/\/www.dcs-international.de\/en#website","url":"https:\/\/www.dcs-international.de\/en","name":"D.C.S Group","description":"","potentialAction":[{"@type":"SearchAction","target":{"@type":"EntryPoint","urlTemplate":"https:\/\/www.dcs-international.de\/en?s={search_term_string}"},"query-input":{"@type":"PropertyValueSpecification","valueRequired":true,"valueName":"search_term_string"}}],"inLanguage":"en-US"}]}},"_links":{"self":[{"href":"https:\/\/www.dcs-international.de\/en\/wp-json\/wp\/v2\/pages\/335","targetHints":{"allow":["GET"]}}],"collection":[{"href":"https:\/\/www.dcs-international.de\/en\/wp-json\/wp\/v2\/pages"}],"about":[{"href":"https:\/\/www.dcs-international.de\/en\/wp-json\/wp\/v2\/types\/page"}],"author":[{"embeddable":true,"href":"https:\/\/www.dcs-international.de\/en\/wp-json\/wp\/v2\/users\/1"}],"replies":[{"embeddable":true,"href":"https:\/\/www.dcs-international.de\/en\/wp-json\/wp\/v2\/comments?post=335"}],"version-history":[{"count":1,"href":"https:\/\/www.dcs-international.de\/en\/wp-json\/wp\/v2\/pages\/335\/revisions"}],"predecessor-version":[{"id":343,"href":"https:\/\/www.dcs-international.de\/en\/wp-json\/wp\/v2\/pages\/335\/revisions\/343"}],"wp:attachment":[{"href":"https:\/\/www.dcs-international.de\/en\/wp-json\/wp\/v2\/media?parent=335"}],"curies":[{"name":"wp","href":"https:\/\/api.w.org\/{rel}","templated":true}]}}